{"id":165,"date":"2024-10-12T14:57:30","date_gmt":"2024-10-12T14:57:30","guid":{"rendered":"https:\/\/tfmfoundation.ong\/?page_id=165"},"modified":"2024-10-21T01:40:33","modified_gmt":"2024-10-21T01:40:33","slug":"mision-y-vision","status":"publish","type":"page","link":"https:\/\/tfmfoundation.ong\/en\/mision-y-vision\/","title":{"rendered":"Our Purpuse &amp; Values"},"content":{"rendered":"<div data-elementor-type=\"wp-page\" data-elementor-id=\"165\" class=\"elementor elementor-165\" data-elementor-post-type=\"page\">\n\t\t\t\t<div class=\"elementor-element elementor-element-9f7c56e e-con-full e-flex e-con e-parent\" data-id=\"9f7c56e\" data-element_type=\"container\" data-settings=\"{&quot;background_background&quot;:&quot;classic&quot;}\">\n\t\t<div class=\"elementor-element elementor-element-6f2caace e-con-full e-flex e-con e-child\" data-id=\"6f2caace\" data-element_type=\"container\">\n\t\t\t\t<div class=\"elementor-element elementor-element-1e546a17 elementor-widget-mobile__width-initial elementor-widget elementor-widget-image\" data-id=\"1e546a17\" data-element_type=\"widget\" data-settings=\"{&quot;motion_fx_motion_fx_scrolling&quot;:&quot;yes&quot;,&quot;motion_fx_translateY_effect&quot;:&quot;yes&quot;,&quot;motion_fx_translateY_speed&quot;:{&quot;unit&quot;:&quot;px&quot;,&quot;size&quot;:1,&quot;sizes&quot;:[]},&quot;motion_fx_devices&quot;:[&quot;desktop&quot;,&quot;tablet&quot;],&quot;motion_fx_translateY_affectedRange&quot;:{&quot;unit&quot;:&quot;%&quot;,&quot;size&quot;:&quot;&quot;,&quot;sizes&quot;:{&quot;start&quot;:0,&quot;end&quot;:100}}}\" data-widget_type=\"image.default\">\n\t\t\t\t<div class=\"elementor-widget-container\">\n\t\t\t\t\t\t\t\t\t\t\t\t\t\t\t<img fetchpriority=\"high\" decoding=\"async\" width=\"577\" height=\"1024\" src=\"https:\/\/tfmfoundation.ong\/wp-content\/uploads\/2024\/10\/20220825_165930-577x1024.jpg\" class=\"attachment-large size-large wp-image-546\" alt=\"\" srcset=\"https:\/\/tfmfoundation.ong\/wp-content\/uploads\/2024\/10\/20220825_165930-577x1024.jpg 577w, https:\/\/tfmfoundation.ong\/wp-content\/uploads\/2024\/10\/20220825_165930-169x300.jpg 169w, https:\/\/tfmfoundation.ong\/wp-content\/uploads\/2024\/10\/20220825_165930-768x1364.jpg 768w, https:\/\/tfmfoundation.ong\/wp-content\/uploads\/2024\/10\/20220825_165930-865x1536.jpg 865w, https:\/\/tfmfoundation.ong\/wp-content\/uploads\/2024\/10\/20220825_165930-1153x2048.jpg 1153w, https:\/\/tfmfoundation.ong\/wp-content\/uploads\/2024\/10\/20220825_165930-scaled.jpg 1441w\" sizes=\"(max-width: 577px) 100vw, 577px\" \/>\t\t\t\t\t\t\t\t\t\t\t\t\t\t\t<\/div>\n\t\t\t\t<\/div>\n\t\t\t\t<div class=\"elementor-element elementor-element-18625b20 elementor-widget-mobile__width-initial elementor-widget elementor-widget-image\" data-id=\"18625b20\" data-element_type=\"widget\" data-settings=\"{&quot;motion_fx_motion_fx_scrolling&quot;:&quot;yes&quot;,&quot;motion_fx_translateY_effect&quot;:&quot;yes&quot;,&quot;motion_fx_translateY_direction&quot;:&quot;negative&quot;,&quot;motion_fx_translateY_speed&quot;:{&quot;unit&quot;:&quot;px&quot;,&quot;size&quot;:1,&quot;sizes&quot;:[]},&quot;motion_fx_devices&quot;:[&quot;desktop&quot;,&quot;tablet&quot;],&quot;motion_fx_translateY_affectedRange&quot;:{&quot;unit&quot;:&quot;%&quot;,&quot;size&quot;:&quot;&quot;,&quot;sizes&quot;:{&quot;start&quot;:0,&quot;end&quot;:100}}}\" data-widget_type=\"image.default\">\n\t\t\t\t<div class=\"elementor-widget-container\">\n\t\t\t\t\t\t\t\t\t\t\t\t\t\t\t<img decoding=\"async\" width=\"1024\" height=\"680\" src=\"https:\/\/tfmfoundation.ong\/wp-content\/uploads\/2024\/10\/iStock-950609102-1024x680.jpg\" class=\"attachment-large size-large wp-image-549\" alt=\"\" srcset=\"https:\/\/tfmfoundation.ong\/wp-content\/uploads\/2024\/10\/iStock-950609102-1024x680.jpg 1024w, https:\/\/tfmfoundation.ong\/wp-content\/uploads\/2024\/10\/iStock-950609102-300x199.jpg 300w, https:\/\/tfmfoundation.ong\/wp-content\/uploads\/2024\/10\/iStock-950609102-768x510.jpg 768w, https:\/\/tfmfoundation.ong\/wp-content\/uploads\/2024\/10\/iStock-950609102-1536x1020.jpg 1536w, https:\/\/tfmfoundation.ong\/wp-content\/uploads\/2024\/10\/iStock-950609102-2048x1360.jpg 2048w\" sizes=\"(max-width: 1024px) 100vw, 1024px\" \/>\t\t\t\t\t\t\t\t\t\t\t\t\t\t\t<\/div>\n\t\t\t\t<\/div>\n\t\t\t\t<\/div>\n\t\t<div class=\"elementor-element elementor-element-fed035e e-con-full e-flex e-con e-child\" data-id=\"fed035e\" data-element_type=\"container\">\n\t\t\t\t<div class=\"elementor-element elementor-element-814515a elementor-invisible elementor-widget elementor-widget-heading\" data-id=\"814515a\" data-element_type=\"widget\" data-settings=\"{&quot;_animation&quot;:&quot;fadeIn&quot;}\" data-widget_type=\"heading.default\">\n\t\t\t\t<div class=\"elementor-widget-container\">\n\t\t\t\t\t<h3 class=\"elementor-heading-title elementor-size-default\">Our Mission<\/h3>\t\t\t\t<\/div>\n\t\t\t\t<\/div>\n\t\t\t\t<div class=\"elementor-element elementor-element-79427aee elementor-invisible elementor-widget elementor-widget-text-editor\" data-id=\"79427aee\" data-element_type=\"widget\" data-settings=\"{&quot;_animation&quot;:&quot;fadeIn&quot;,&quot;_animation_delay&quot;:200}\" data-widget_type=\"text-editor.default\">\n\t\t\t\t<div class=\"elementor-widget-container\">\n\t\t\t\t\t\t\t\t\t<p>To promote the development and well-being of girls through education.<span style=\"background-color: transparent; color: #000000; font-family: Calibri, sans-serif; font-size: 12pt; font-style: normal; font-variant-ligatures: normal; font-variant-caps: normal; font-weight: 400; white-space-collapse: preserve; letter-spacing: 0px; text-align: var(--text-align);\">.<\/span><\/p><p><span id=\"docs-internal-guid-086e56ff-7fff-0330-e06b-a0aacff3c4db\">For us as an NGO, it is essential to contribute to the educational and moral development of the girls we sponsor. We believe that education is a crucial part of a girl\u2019s life, providing opportunities for growth, safeguarding and ensuring, as much as possible, a safe environment for each of them, and contributing to a future of greater well-being. <\/span><span style=\"background-color: transparent; color: #000000; font-family: Calibri, sans-serif; font-size: 12pt; font-style: normal; font-variant-ligatures: normal; font-variant-caps: normal; font-weight: 400; white-space-collapse: preserve; letter-spacing: 0px; text-align: var(--text-align);\"><br \/><\/span><\/p>\t\t\t\t\t\t\t\t<\/div>\n\t\t\t\t<\/div>\n\t\t\t\t<\/div>\n\t\t\t\t<\/div>\n\t\t<div class=\"elementor-element elementor-element-89bbbfa e-con-full e-flex e-con e-parent\" data-id=\"89bbbfa\" data-element_type=\"container\" data-settings=\"{&quot;background_background&quot;:&quot;classic&quot;}\">\n\t\t<div class=\"elementor-element elementor-element-cdfa13e e-con-full e-flex e-con e-child\" data-id=\"cdfa13e\" data-element_type=\"container\">\n\t\t\t\t<div class=\"elementor-element elementor-element-d67dbd6 elementor-invisible elementor-widget elementor-widget-heading\" data-id=\"d67dbd6\" data-element_type=\"widget\" data-settings=\"{&quot;_animation&quot;:&quot;fadeIn&quot;}\" data-widget_type=\"heading.default\">\n\t\t\t\t<div class=\"elementor-widget-container\">\n\t\t\t\t\t<h3 class=\"elementor-heading-title elementor-size-default\">Our Vision<\/h3>\t\t\t\t<\/div>\n\t\t\t\t<\/div>\n\t\t\t\t<div class=\"elementor-element elementor-element-a60a917 elementor-invisible elementor-widget elementor-widget-text-editor\" data-id=\"a60a917\" data-element_type=\"widget\" data-settings=\"{&quot;_animation&quot;:&quot;fadeIn&quot;,&quot;_animation_delay&quot;:200}\" data-widget_type=\"text-editor.default\">\n\t\t\t\t<div class=\"elementor-widget-container\">\n\t\t\t\t\t\t\t\t\t<p>To improve the quality of life through the education of as many girls as possible in Tanzania, while promoting the country\u2019s socioeconomic and cultural growth.<\/p><p><span id=\"docs-internal-guid-086e56ff-7fff-0330-e06b-a0aacff3c4db\">Education not only enriches lives but can also have a profound impact on a culture and its society. Contributing to the education of as many girls as possible in Tanzania\u2014both in knowledge and core values\u2014can influence their immediate circles, their professional development areas, and the society in which they have grown and developed. This, in turn, can lead to the formation of professionals who contribute to the country\u2019s socioeconomic growth in the future. <\/span><span style=\"background-color: transparent; color: #000000; font-family: Calibri, sans-serif; font-size: 12pt; font-style: normal; font-variant-ligatures: normal; font-variant-caps: normal; font-weight: 400; white-space-collapse: preserve; letter-spacing: 0px; text-align: var(--text-align);\"><br \/><\/span><\/p>\t\t\t\t\t\t\t\t<\/div>\n\t\t\t\t<\/div>\n\t\t\t\t<\/div>\n\t\t<div class=\"elementor-element elementor-element-5c2cf35 e-con-full e-flex e-con e-child\" data-id=\"5c2cf35\" data-element_type=\"container\">\n\t\t\t\t<div class=\"elementor-element elementor-element-9071088 elementor-widget-mobile__width-initial elementor-widget elementor-widget-image\" data-id=\"9071088\" data-element_type=\"widget\" data-settings=\"{&quot;motion_fx_motion_fx_scrolling&quot;:&quot;yes&quot;,&quot;motion_fx_translateY_effect&quot;:&quot;yes&quot;,&quot;motion_fx_translateY_speed&quot;:{&quot;unit&quot;:&quot;px&quot;,&quot;size&quot;:1,&quot;sizes&quot;:[]},&quot;motion_fx_devices&quot;:[&quot;desktop&quot;,&quot;tablet&quot;],&quot;motion_fx_translateY_affectedRange&quot;:{&quot;unit&quot;:&quot;%&quot;,&quot;size&quot;:&quot;&quot;,&quot;sizes&quot;:{&quot;start&quot;:0,&quot;end&quot;:100}}}\" data-widget_type=\"image.default\">\n\t\t\t\t<div class=\"elementor-widget-container\">\n\t\t\t\t\t\t\t\t\t\t\t\t\t\t\t<img decoding=\"async\" width=\"768\" height=\"1024\" src=\"https:\/\/tfmfoundation.ong\/wp-content\/uploads\/2024\/10\/20230219_170025-768x1024.jpg\" class=\"attachment-large size-large wp-image-548\" alt=\"\" srcset=\"https:\/\/tfmfoundation.ong\/wp-content\/uploads\/2024\/10\/20230219_170025-768x1024.jpg 768w, https:\/\/tfmfoundation.ong\/wp-content\/uploads\/2024\/10\/20230219_170025-225x300.jpg 225w, https:\/\/tfmfoundation.ong\/wp-content\/uploads\/2024\/10\/20230219_170025-1152x1536.jpg 1152w, https:\/\/tfmfoundation.ong\/wp-content\/uploads\/2024\/10\/20230219_170025-1536x2048.jpg 1536w, https:\/\/tfmfoundation.ong\/wp-content\/uploads\/2024\/10\/20230219_170025-scaled.jpg 1920w\" sizes=\"(max-width: 768px) 100vw, 768px\" \/>\t\t\t\t\t\t\t\t\t\t\t\t\t\t\t<\/div>\n\t\t\t\t<\/div>\n\t\t\t\t<div class=\"elementor-element elementor-element-ac3938c elementor-widget-mobile__width-initial elementor-widget elementor-widget-image\" data-id=\"ac3938c\" data-element_type=\"widget\" data-settings=\"{&quot;motion_fx_motion_fx_scrolling&quot;:&quot;yes&quot;,&quot;motion_fx_translateY_effect&quot;:&quot;yes&quot;,&quot;motion_fx_translateY_direction&quot;:&quot;negative&quot;,&quot;motion_fx_translateY_speed&quot;:{&quot;unit&quot;:&quot;px&quot;,&quot;size&quot;:1,&quot;sizes&quot;:[]},&quot;motion_fx_devices&quot;:[&quot;desktop&quot;,&quot;tablet&quot;],&quot;motion_fx_translateY_affectedRange&quot;:{&quot;unit&quot;:&quot;%&quot;,&quot;size&quot;:&quot;&quot;,&quot;sizes&quot;:{&quot;start&quot;:0,&quot;end&quot;:100}}}\" data-widget_type=\"image.default\">\n\t\t\t\t<div class=\"elementor-widget-container\">\n\t\t\t\t\t\t\t\t\t\t\t\t\t\t\t<img loading=\"lazy\" decoding=\"async\" width=\"1024\" height=\"683\" src=\"https:\/\/tfmfoundation.ong\/wp-content\/uploads\/2024\/10\/DSC06032-1024x683.jpg\" class=\"attachment-large size-large wp-image-550\" alt=\"\" srcset=\"https:\/\/tfmfoundation.ong\/wp-content\/uploads\/2024\/10\/DSC06032-1024x683.jpg 1024w, https:\/\/tfmfoundation.ong\/wp-content\/uploads\/2024\/10\/DSC06032-300x200.jpg 300w, https:\/\/tfmfoundation.ong\/wp-content\/uploads\/2024\/10\/DSC06032-768x512.jpg 768w, https:\/\/tfmfoundation.ong\/wp-content\/uploads\/2024\/10\/DSC06032-1536x1024.jpg 1536w, https:\/\/tfmfoundation.ong\/wp-content\/uploads\/2024\/10\/DSC06032-2048x1365.jpg 2048w\" sizes=\"(max-width: 1024px) 100vw, 1024px\" \/>\t\t\t\t\t\t\t\t\t\t\t\t\t\t\t<\/div>\n\t\t\t\t<\/div>\n\t\t\t\t<\/div>\n\t\t\t\t<\/div>\n\t\t\t\t<\/div>","protected":false},"excerpt":{"rendered":"<p>Misi\u00f3n Promover el desarrollo y bienestar de ni\u00f1as a trav\u00e9s de la educaci\u00f3n. Para nosotros como ONG es fundamental contribuir al desarrollo educacional y val\u00f3rico de nuestras ni\u00f1as apadrinadas. Creemos que la educaci\u00f3n es una parte crucial en la vida de una ni\u00f1a, otorgando oportunidades de crecimiento, resguardando y asegurando en la mayor medida posible [&hellip;]<\/p>","protected":false},"author":1,"featured_media":0,"parent":0,"menu_order":0,"comment_status":"closed","ping_status":"closed","template":"elementor_header_footer","meta":{"ocean_post_layout":"","ocean_both_sidebars_style":"","ocean_both_sidebars_content_width":0,"ocean_both_sidebars_sidebars_width":0,"ocean_sidebar":"","ocean_second_sidebar":"","ocean_disable_margins":"enable","ocean_add_body_class":"","ocean_shortcode_before_top_bar":"","ocean_shortcode_after_top_bar":"","ocean_shortcode_before_header":"","ocean_shortcode_after_header":"","ocean_has_shortcode":"","ocean_shortcode_after_title":"","ocean_shortcode_before_footer_widgets":"","ocean_shortcode_after_footer_widgets":"","ocean_shortcode_before_footer_bottom":"","ocean_shortcode_after_footer_bottom":"","ocean_display_top_bar":"default","ocean_display_header":"default","ocean_header_style":"","ocean_center_header_left_menu":"","ocean_custom_header_template":"","ocean_custom_logo":0,"ocean_custom_retina_logo":0,"ocean_custom_logo_max_width":0,"ocean_custom_logo_tablet_max_width":0,"ocean_custom_logo_mobile_max_width":0,"ocean_custom_logo_max_height":0,"ocean_custom_logo_tablet_max_height":0,"ocean_custom_logo_mobile_max_height":0,"ocean_header_custom_menu":"","ocean_menu_typo_font_family":"","ocean_menu_typo_font_subset":"","ocean_menu_typo_font_size":0,"ocean_menu_typo_font_size_tablet":0,"ocean_menu_typo_font_size_mobile":0,"ocean_menu_typo_font_size_unit":"px","ocean_menu_typo_font_weight":"","ocean_menu_typo_font_weight_tablet":"","ocean_menu_typo_font_weight_mobile":"","ocean_menu_typo_transform":"","ocean_menu_typo_transform_tablet":"","ocean_menu_typo_transform_mobile":"","ocean_menu_typo_line_height":0,"ocean_menu_typo_line_height_tablet":0,"ocean_menu_typo_line_height_mobile":0,"ocean_menu_typo_line_height_unit":"","ocean_menu_typo_spacing":0,"ocean_menu_typo_spacing_tablet":0,"ocean_menu_typo_spacing_mobile":0,"ocean_menu_typo_spacing_unit":"","ocean_menu_link_color":"","ocean_menu_link_color_hover":"","ocean_menu_link_color_active":"","ocean_menu_link_background":"","ocean_menu_link_hover_background":"","ocean_menu_link_active_background":"","ocean_menu_social_links_bg":"","ocean_menu_social_hover_links_bg":"","ocean_menu_social_links_color":"","ocean_menu_social_hover_links_color":"","ocean_disable_title":"default","ocean_disable_heading":"default","ocean_post_title":"","ocean_post_subheading":"","ocean_post_title_style":"","ocean_post_title_background_color":"","ocean_post_title_background":0,"ocean_post_title_bg_image_position":"","ocean_post_title_bg_image_attachment":"","ocean_post_title_bg_image_repeat":"","ocean_post_title_bg_image_size":"","ocean_post_title_height":0,"ocean_post_title_bg_overlay":0.5,"ocean_post_title_bg_overlay_color":"","ocean_disable_breadcrumbs":"default","ocean_breadcrumbs_color":"","ocean_breadcrumbs_separator_color":"","ocean_breadcrumbs_links_color":"","ocean_breadcrumbs_links_hover_color":"","ocean_display_footer_widgets":"default","ocean_display_footer_bottom":"default","ocean_custom_footer_template":"","footnotes":""},"class_list":["post-165","page","type-page","status-publish","hentry","entry"],"_links":{"self":[{"href":"https:\/\/tfmfoundation.ong\/en\/wp-json\/wp\/v2\/pages\/165","targetHints":{"allow":["GET"]}}],"collection":[{"href":"https:\/\/tfmfoundation.ong\/en\/wp-json\/wp\/v2\/pages"}],"about":[{"href":"https:\/\/tfmfoundation.ong\/en\/wp-json\/wp\/v2\/types\/page"}],"author":[{"embeddable":true,"href":"https:\/\/tfmfoundation.ong\/en\/wp-json\/wp\/v2\/users\/1"}],"replies":[{"embeddable":true,"href":"https:\/\/tfmfoundation.ong\/en\/wp-json\/wp\/v2\/comments?post=165"}],"version-history":[{"count":34,"href":"https:\/\/tfmfoundation.ong\/en\/wp-json\/wp\/v2\/pages\/165\/revisions"}],"predecessor-version":[{"id":553,"href":"https:\/\/tfmfoundation.ong\/en\/wp-json\/wp\/v2\/pages\/165\/revisions\/553"}],"wp:attachment":[{"href":"https:\/\/tfmfoundation.ong\/en\/wp-json\/wp\/v2\/media?parent=165"}],"curies":[{"name":"wp","href":"https:\/\/api.w.org\/{rel}","templated":true}]}}